{"id":444,"date":"2024-05-12T00:09:19","date_gmt":"2024-05-11T22:09:19","guid":{"rendered":"https:\/\/camping-revin.com\/plan-und-lage\/"},"modified":"2024-05-13T18:47:05","modified_gmt":"2024-05-13T16:47:05","slug":"plan-und-lage","status":"publish","type":"page","link":"https:\/\/camping-revin.com\/de\/plan-und-lage\/","title":{"rendered":"Plan und Lage"},"content":{"rendered":"\t\t<div data-elementor-type=\"wp-page\" data-elementor-id=\"444\" class=\"elementor elementor-444 elementor-11\" data-elementor-settings=\"{&quot;ha_cmc_init_switcher&quot;:&quot;no&quot;}\" data-elementor-post-type=\"page\">\n\t\t\t\t<div class=\"elementor-element elementor-element-21567f44 e-flex e-con-boxed e-con e-parent\" data-id=\"21567f44\" data-element_type=\"container\" data-settings=\"{&quot;background_background&quot;:&quot;classic&quot;,&quot;shape_divider_bottom&quot;:&quot;pyramids&quot;,&quot;_ha_eqh_enable&quot;:false}\">\n\t\t\t\t\t<div class=\"e-con-inner\">\n\t\t\t\t<div class=\"elementor-shape elementor-shape-bottom\" aria-hidden=\"true\" data-negative=\"false\">\n\t\t\t<svg xmlns=\"http:\/\/www.w3.org\/2000\/svg\" viewBox=\"0 0 1000 100\" preserveAspectRatio=\"none\">\n\t<path class=\"elementor-shape-fill\" d=\"M761.9,44.1L643.1,27.2L333.8,98L0,3.8V0l1000,0v3.9\"\/>\n<\/svg>\t\t<\/div>\n\t\t\t\t<div class=\"elementor-element elementor-element-1d79f043 elementor-widget elementor-widget-heading\" data-id=\"1d79f043\" data-element_type=\"widget\" data-widget_type=\"heading.default\">\n\t\t\t\t<div class=\"elementor-widget-container\">\n\t\t\t\t\t<h1 class=\"elementor-heading-title elementor-size-default\">Plan und Lage<\/h1>\t\t\t\t<\/div>\n\t\t\t\t<\/div>\n\t\t\t\t\t<\/div>\n\t\t\t\t<\/div>\n\t\t<div class=\"elementor-element elementor-element-6542a1b0 e-flex e-con-boxed e-con e-parent\" data-id=\"6542a1b0\" data-element_type=\"container\" data-settings=\"{&quot;_ha_eqh_enable&quot;:false}\">\n\t\t\t\t\t<div class=\"e-con-inner\">\n\t\t\t\t<div class=\"elementor-element elementor-element-247085c elementor-widget elementor-widget-image\" data-id=\"247085c\" data-element_type=\"widget\" data-widget_type=\"image.default\">\n\t\t\t\t<div class=\"elementor-widget-container\">\n\t\t\t\t\t\t\t\t\t\t\t\t\t\t\t<img fetchpriority=\"high\" decoding=\"async\" width=\"800\" height=\"400\" src=\"https:\/\/camping-revin.com\/wp-content\/uploads\/sites\/57\/2024\/05\/plan-camping-2022-copie-2048x1024-1-1024x512.png\" class=\"attachment-large size-large wp-image-256\" alt=\"\" srcset=\"https:\/\/camping-revin.com\/wp-content\/uploads\/sites\/57\/2024\/05\/plan-camping-2022-copie-2048x1024-1-1024x512.png 1024w, https:\/\/camping-revin.com\/wp-content\/uploads\/sites\/57\/2024\/05\/plan-camping-2022-copie-2048x1024-1-300x150.png 300w, https:\/\/camping-revin.com\/wp-content\/uploads\/sites\/57\/2024\/05\/plan-camping-2022-copie-2048x1024-1-768x384.png 768w, https:\/\/camping-revin.com\/wp-content\/uploads\/sites\/57\/2024\/05\/plan-camping-2022-copie-2048x1024-1-1536x768.png 1536w, https:\/\/camping-revin.com\/wp-content\/uploads\/sites\/57\/2024\/05\/plan-camping-2022-copie-2048x1024-1.png 2048w\" sizes=\"(max-width: 800px) 100vw, 800px\" \/>\t\t\t\t\t\t\t\t\t\t\t\t\t\t\t<\/div>\n\t\t\t\t<\/div>\n\t\t\t\t<div class=\"elementor-element elementor-element-ada5512 elementor-widget elementor-widget-text-editor\" data-id=\"ada5512\" data-element_type=\"widget\" data-widget_type=\"text-editor.default\">\n\t\t\t\t<div class=\"elementor-widget-container\">\n\t\t\t\t\t\t\t\t\t<p><strong>Mobile Home 2\/4 Pl\u00e4tze: Stellpl\u00e4tze 62 und 64<\/strong><\/p>\n<p><strong>Mobile Home 5\/7 Pl\u00e4tze: Stellpl\u00e4tze 57 und 59<\/strong><\/p>\n\t\t\t\t\t\t\t\t<\/div>\n\t\t\t\t<\/div>\n\t\t<div class=\"elementor-element elementor-element-3c0b03a5 e-con-full e-flex e-con e-child\" data-id=\"3c0b03a5\" data-element_type=\"container\" data-settings=\"{&quot;_ha_eqh_enable&quot;:false}\">\n\t\t\t\t<div class=\"elementor-element elementor-element-11b13bba elementor-align-justify elementor-widget__width-initial elementor-widget-mobile__width-inherit elementor-widget elementor-widget-button\" data-id=\"11b13bba\" data-element_type=\"widget\" data-widget_type=\"button.default\">\n\t\t\t\t<div class=\"elementor-widget-container\">\n\t\t\t\t\t\t\t\t\t<div class=\"elementor-button-wrapper\">\n\t\t\t\t\t<a class=\"elementor-button elementor-button-link elementor-size-sm\" href=\"https:\/\/camping-revin.com\/reserver\/\">\n\t\t\t\t\t\t<span class=\"elementor-button-content-wrapper\">\n\t\t\t\t\t\t<span class=\"elementor-button-icon\">\n\t\t\t\t<svg aria-hidden=\"true\" class=\"e-font-icon-svg e-fas-arrow-right\" viewBox=\"0 0 448 512\" xmlns=\"http:\/\/www.w3.org\/2000\/svg\"><path d=\"M190.5 66.9l22.2-22.2c9.4-9.4 24.6-9.4 33.9 0L441 239c9.4 9.4 9.4 24.6 0 33.9L246.6 467.3c-9.4 9.4-24.6 9.4-33.9 0l-22.2-22.2c-9.5-9.5-9.3-25 .4-34.3L311.4 296H24c-13.3 0-24-10.7-24-24v-32c0-13.3 10.7-24 24-24h287.4L190.9 101.2c-9.8-9.3-10-24.8-.4-34.3z\"><\/path><\/svg>\t\t\t<\/span>\n\t\t\t\t\t\t\t\t\t<span class=\"elementor-button-text\">Buchen Sie online<\/span>\n\t\t\t\t\t<\/span>\n\t\t\t\t\t<\/a>\n\t\t\t\t<\/div>\n\t\t\t\t\t\t\t\t<\/div>\n\t\t\t\t<\/div>\n\t\t\t\t<div class=\"elementor-element elementor-element-ad3016a elementor-align-justify elementor-widget__width-initial elementor-widget-mobile__width-inherit elementor-widget elementor-widget-button\" data-id=\"ad3016a\" data-element_type=\"widget\" data-widget_type=\"button.default\">\n\t\t\t\t<div class=\"elementor-widget-container\">\n\t\t\t\t\t\t\t\t\t<div class=\"elementor-button-wrapper\">\n\t\t\t\t\t<a class=\"elementor-button elementor-button-link elementor-size-sm\" href=\"https:\/\/camping-revin.com\/contactez-nous\/\">\n\t\t\t\t\t\t<span class=\"elementor-button-content-wrapper\">\n\t\t\t\t\t\t<span class=\"elementor-button-icon\">\n\t\t\t\t<svg aria-hidden=\"true\" class=\"e-font-icon-svg e-fas-arrow-right\" viewBox=\"0 0 448 512\" xmlns=\"http:\/\/www.w3.org\/2000\/svg\"><path d=\"M190.5 66.9l22.2-22.2c9.4-9.4 24.6-9.4 33.9 0L441 239c9.4 9.4 9.4 24.6 0 33.9L246.6 467.3c-9.4 9.4-24.6 9.4-33.9 0l-22.2-22.2c-9.5-9.5-9.3-25 .4-34.3L311.4 296H24c-13.3 0-24-10.7-24-24v-32c0-13.3 10.7-24 24-24h287.4L190.9 101.2c-9.8-9.3-10-24.8-.4-34.3z\"><\/path><\/svg>\t\t\t<\/span>\n\t\t\t\t\t\t\t\t\t<span class=\"elementor-button-text\">Kontaktieren Sie uns<\/span>\n\t\t\t\t\t<\/span>\n\t\t\t\t\t<\/a>\n\t\t\t\t<\/div>\n\t\t\t\t\t\t\t\t<\/div>\n\t\t\t\t<\/div>\n\t\t\t\t<\/div>\n\t\t\t\t\t<\/div>\n\t\t\t\t<\/div>\n\t\t<div class=\"elementor-element elementor-element-3326b7c7 e-con-full e-flex e-con e-parent\" data-id=\"3326b7c7\" data-element_type=\"container\" data-settings=\"{&quot;background_background&quot;:&quot;classic&quot;,&quot;shape_divider_top&quot;:&quot;pyramids&quot;,&quot;shape_divider_bottom&quot;:&quot;pyramids&quot;,&quot;_ha_eqh_enable&quot;:false}\">\n\t\t\t\t<div class=\"elementor-shape elementor-shape-top\" aria-hidden=\"true\" data-negative=\"false\">\n\t\t\t<svg xmlns=\"http:\/\/www.w3.org\/2000\/svg\" viewBox=\"0 0 1000 100\" preserveAspectRatio=\"none\">\n\t<path class=\"elementor-shape-fill\" d=\"M761.9,44.1L643.1,27.2L333.8,98L0,3.8V0l1000,0v3.9\"\/>\n<\/svg>\t\t<\/div>\n\t\t\t\t<div class=\"elementor-shape elementor-shape-bottom\" aria-hidden=\"true\" data-negative=\"false\">\n\t\t\t<svg xmlns=\"http:\/\/www.w3.org\/2000\/svg\" viewBox=\"0 0 1000 100\" preserveAspectRatio=\"none\">\n\t<path class=\"elementor-shape-fill\" d=\"M761.9,44.1L643.1,27.2L333.8,98L0,3.8V0l1000,0v3.9\"\/>\n<\/svg>\t\t<\/div>\n\t\t<div class=\"elementor-element elementor-element-28714df4 e-con-full e-flex e-con e-child\" data-id=\"28714df4\" data-element_type=\"container\" data-settings=\"{&quot;background_background&quot;:&quot;classic&quot;,&quot;_ha_eqh_enable&quot;:false}\">\n\t\t\t\t<\/div>\n\t\t<div class=\"elementor-element elementor-element-7a5bd33c e-con-full e-flex e-con e-child\" data-id=\"7a5bd33c\" data-element_type=\"container\" data-settings=\"{&quot;_ha_eqh_enable&quot;:false}\">\n\t\t\t\t<div class=\"elementor-element elementor-element-a22671d elementor-widget-mobile__width-inherit elementor-widget elementor-widget-heading\" data-id=\"a22671d\" data-element_type=\"widget\" data-widget_type=\"heading.default\">\n\t\t\t\t<div class=\"elementor-widget-container\">\n\t\t\t\t\t<h2 class=\"elementor-heading-title elementor-size-default\">Ger\u00e4umige und komfortable Stellpl\u00e4tze<\/h2>\t\t\t\t<\/div>\n\t\t\t\t<\/div>\n\t\t\t\t<div class=\"elementor-element elementor-element-6d0d654b elementor-widget__width-initial elementor-widget elementor-widget-text-editor\" data-id=\"6d0d654b\" data-element_type=\"widget\" data-widget_type=\"text-editor.default\">\n\t\t\t\t<div class=\"elementor-widget-container\">\n\t\t\t\t\t\t\t\t\tUnsere Zeltpl\u00e4tze sind sorgf\u00e4ltig eingerichtet, um Ihren Komfort und Ihre Privatsph\u00e4re zu gew\u00e4hrleisten. Jeder Platz ist ger\u00e4umig und bietet viel Platz, um Ihr Zelt aufzustellen, Ihre Ausr\u00fcstung zu verstauen und Ihr eigenes kleines Paradies zu schaffen. Ob Sie ein Solo-Camper auf der Suche nach Ruhe oder eine Familie auf der Suche nach Abenteuer sind, unsere Stellpl\u00e4tze sind f\u00fcr alle Bed\u00fcrfnisse geeignet.\n\n\t\t\t\t\t\t\t\t<\/div>\n\t\t\t\t<\/div>\n\t\t\t\t<div class=\"elementor-element elementor-element-e7a4a9f elementor-widget elementor-widget-heading\" data-id=\"e7a4a9f\" data-element_type=\"widget\" data-widget_type=\"heading.default\">\n\t\t\t\t<div class=\"elementor-widget-container\">\n\t\t\t\t\t<h2 class=\"elementor-heading-title elementor-size-default\">Eine enge Verbindung mit der Natur<\/h2>\t\t\t\t<\/div>\n\t\t\t\t<\/div>\n\t\t\t\t<div class=\"elementor-element elementor-element-4da6872d elementor-widget__width-initial elementor-widget elementor-widget-text-editor\" data-id=\"4da6872d\" data-element_type=\"widget\" data-widget_type=\"text-editor.default\">\n\t\t\t\t<div class=\"elementor-widget-container\">\n\t\t\t\t\t\t\t\t\t<p>Auf dem Campingplatz Revin glauben wir an die Wichtigkeit der Erhaltung unserer nat\u00fcrlichen Umgebung. Aus diesem Grund sind unsere Zeltpl\u00e4tze sorgf\u00e4ltig in die umliegende Landschaft integriert, so dass die nat\u00fcrliche Sch\u00f6nheit der Umgebung erhalten bleibt. Sie k\u00f6nnen mit Vogelgezwitscher aufwachen, unter einem Sternenhimmel einschlafen und w\u00e4hrend Ihres gesamten Aufenthalts in Harmonie mit der Natur leben.<\/p>\n\t\t\t\t\t\t\t\t<\/div>\n\t\t\t\t<\/div>\n\t\t\t\t<\/div>\n\t\t\t\t<\/div>\n\t\t\t\t<\/div>\n\t\t","protected":false},"excerpt":{"rendered":"<p>Plan und Lage Mobile Home 2\/4 Pl\u00e4tze: Stellpl\u00e4tze 62 und 64 Mobile Home 5\/7 Pl\u00e4tze: Stellpl\u00e4tze 57 und 59 Buchen Sie online Kontaktieren Sie uns Ger\u00e4umige und komfortable Stellpl\u00e4tze Unsere Zeltpl\u00e4tze sind sorgf\u00e4ltig eingerichtet, um Ihren Komfort und Ihre Privatsph\u00e4re zu gew\u00e4hrleisten. Jeder Platz ist ger\u00e4umig und bietet viel Platz, um Ihr Zelt aufzustellen, Ihre [&hellip;]<\/p>\n","protected":false},"author":1,"featured_media":0,"parent":0,"menu_order":0,"comment_status":"closed","ping_status":"closed","template":"","meta":{"footnotes":""},"class_list":["post-444","page","type-page","status-publish","hentry"],"yoast_head":"<!-- This site is optimized with the Yoast SEO plugin v26.7 - https:\/\/yoast.com\/wordpress\/plugins\/seo\/ -->\n<title>Plan und Lage - Camping de Revin<\/title>\n<meta name=\"robots\" content=\"index, follow, max-snippet:-1, max-image-preview:large, max-video-preview:-1\" \/>\n<link rel=\"canonical\" href=\"https:\/\/camping-revin.com\/de\/plan-und-lage\/\" \/>\n<meta property=\"og:locale\" content=\"de_DE\" \/>\n<meta property=\"og:type\" content=\"article\" \/>\n<meta property=\"og:title\" content=\"Plan und Lage - Camping de Revin\" \/>\n<meta property=\"og:description\" content=\"Plan und Lage Mobile Home 2\/4 Pl\u00e4tze: Stellpl\u00e4tze 62 und 64 Mobile Home 5\/7 Pl\u00e4tze: Stellpl\u00e4tze 57 und 59 Buchen Sie online Kontaktieren Sie uns Ger\u00e4umige und komfortable Stellpl\u00e4tze Unsere Zeltpl\u00e4tze sind sorgf\u00e4ltig eingerichtet, um Ihren Komfort und Ihre Privatsph\u00e4re zu gew\u00e4hrleisten. Jeder Platz ist ger\u00e4umig und bietet viel Platz, um Ihr Zelt aufzustellen, Ihre [&hellip;]\" \/>\n<meta property=\"og:url\" content=\"https:\/\/camping-revin.com\/de\/plan-und-lage\/\" \/>\n<meta property=\"og:site_name\" content=\"Camping de Revin\" \/>\n<meta property=\"article:modified_time\" content=\"2024-05-13T16:47:05+00:00\" \/>\n<meta property=\"og:image\" content=\"https:\/\/camping-revin.com\/wp-content\/uploads\/sites\/57\/2024\/05\/plan-camping-2022-copie-2048x1024-1-1024x512.png\" \/>\n<meta name=\"twitter:card\" content=\"summary_large_image\" \/>\n<meta name=\"twitter:label1\" content=\"Gesch\u00e4tzte Lesezeit\" \/>\n\t<meta name=\"twitter:data1\" content=\"1\u00a0Minute\" \/>\n<script type=\"application\/ld+json\" class=\"yoast-schema-graph\">{\"@context\":\"https:\/\/schema.org\",\"@graph\":[{\"@type\":\"WebPage\",\"@id\":\"https:\/\/camping-revin.com\/de\/plan-und-lage\/\",\"url\":\"https:\/\/camping-revin.com\/de\/plan-und-lage\/\",\"name\":\"Plan und Lage - Camping de Revin\",\"isPartOf\":{\"@id\":\"https:\/\/camping-revin.com\/de\/#website\"},\"primaryImageOfPage\":{\"@id\":\"https:\/\/camping-revin.com\/de\/plan-und-lage\/#primaryimage\"},\"image\":{\"@id\":\"https:\/\/camping-revin.com\/de\/plan-und-lage\/#primaryimage\"},\"thumbnailUrl\":\"https:\/\/camping-revin.com\/wp-content\/uploads\/sites\/57\/2024\/05\/plan-camping-2022-copie-2048x1024-1-1024x512.png\",\"datePublished\":\"2024-05-11T22:09:19+00:00\",\"dateModified\":\"2024-05-13T16:47:05+00:00\",\"breadcrumb\":{\"@id\":\"https:\/\/camping-revin.com\/de\/plan-und-lage\/#breadcrumb\"},\"inLanguage\":\"de\",\"potentialAction\":[{\"@type\":\"ReadAction\",\"target\":[\"https:\/\/camping-revin.com\/de\/plan-und-lage\/\"]}]},{\"@type\":\"ImageObject\",\"inLanguage\":\"de\",\"@id\":\"https:\/\/camping-revin.com\/de\/plan-und-lage\/#primaryimage\",\"url\":\"https:\/\/camping-revin.com\/wp-content\/uploads\/sites\/57\/2024\/05\/plan-camping-2022-copie-2048x1024-1-1024x512.png\",\"contentUrl\":\"https:\/\/camping-revin.com\/wp-content\/uploads\/sites\/57\/2024\/05\/plan-camping-2022-copie-2048x1024-1-1024x512.png\"},{\"@type\":\"BreadcrumbList\",\"@id\":\"https:\/\/camping-revin.com\/de\/plan-und-lage\/#breadcrumb\",\"itemListElement\":[{\"@type\":\"ListItem\",\"position\":1,\"name\":\"Accueil\",\"item\":\"https:\/\/camping-revin.com\/de\/\"},{\"@type\":\"ListItem\",\"position\":2,\"name\":\"Plan und Lage\"}]},{\"@type\":\"WebSite\",\"@id\":\"https:\/\/camping-revin.com\/de\/#website\",\"url\":\"https:\/\/camping-revin.com\/de\/\",\"name\":\"Camping de Revin\",\"description\":\"\",\"publisher\":{\"@id\":\"https:\/\/camping-revin.com\/de\/#organization\"},\"potentialAction\":[{\"@type\":\"SearchAction\",\"target\":{\"@type\":\"EntryPoint\",\"urlTemplate\":\"https:\/\/camping-revin.com\/de\/?s={search_term_string}\"},\"query-input\":{\"@type\":\"PropertyValueSpecification\",\"valueRequired\":true,\"valueName\":\"search_term_string\"}}],\"inLanguage\":\"de\"},{\"@type\":\"Organization\",\"@id\":\"https:\/\/camping-revin.com\/de\/#organization\",\"name\":\"Camping les bateaux\",\"url\":\"https:\/\/camping-revin.com\/de\/\",\"logo\":{\"@type\":\"ImageObject\",\"inLanguage\":\"de\",\"@id\":\"https:\/\/camping-revin.com\/de\/#\/schema\/logo\/image\/\",\"url\":\"https:\/\/camping-revin.com\/wp-content\/uploads\/sites\/57\/2024\/05\/logo-ostara-blanc.png\",\"contentUrl\":\"https:\/\/camping-revin.com\/wp-content\/uploads\/sites\/57\/2024\/05\/logo-ostara-blanc.png\",\"width\":1181,\"height\":1181,\"caption\":\"Camping les bateaux\"},\"image\":{\"@id\":\"https:\/\/camping-revin.com\/de\/#\/schema\/logo\/image\/\"}}]}<\/script>\n<!-- \/ Yoast SEO plugin. -->","yoast_head_json":{"title":"Plan und Lage - Camping de Revin","robots":{"index":"index","follow":"follow","max-snippet":"max-snippet:-1","max-image-preview":"max-image-preview:large","max-video-preview":"max-video-preview:-1"},"canonical":"https:\/\/camping-revin.com\/de\/plan-und-lage\/","og_locale":"de_DE","og_type":"article","og_title":"Plan und Lage - Camping de Revin","og_description":"Plan und Lage Mobile Home 2\/4 Pl\u00e4tze: Stellpl\u00e4tze 62 und 64 Mobile Home 5\/7 Pl\u00e4tze: Stellpl\u00e4tze 57 und 59 Buchen Sie online Kontaktieren Sie uns Ger\u00e4umige und komfortable Stellpl\u00e4tze Unsere Zeltpl\u00e4tze sind sorgf\u00e4ltig eingerichtet, um Ihren Komfort und Ihre Privatsph\u00e4re zu gew\u00e4hrleisten. Jeder Platz ist ger\u00e4umig und bietet viel Platz, um Ihr Zelt aufzustellen, Ihre [&hellip;]","og_url":"https:\/\/camping-revin.com\/de\/plan-und-lage\/","og_site_name":"Camping de Revin","article_modified_time":"2024-05-13T16:47:05+00:00","og_image":[{"url":"https:\/\/camping-revin.com\/wp-content\/uploads\/sites\/57\/2024\/05\/plan-camping-2022-copie-2048x1024-1-1024x512.png","type":"","width":"","height":""}],"twitter_card":"summary_large_image","twitter_misc":{"Gesch\u00e4tzte Lesezeit":"1\u00a0Minute"},"schema":{"@context":"https:\/\/schema.org","@graph":[{"@type":"WebPage","@id":"https:\/\/camping-revin.com\/de\/plan-und-lage\/","url":"https:\/\/camping-revin.com\/de\/plan-und-lage\/","name":"Plan und Lage - Camping de Revin","isPartOf":{"@id":"https:\/\/camping-revin.com\/de\/#website"},"primaryImageOfPage":{"@id":"https:\/\/camping-revin.com\/de\/plan-und-lage\/#primaryimage"},"image":{"@id":"https:\/\/camping-revin.com\/de\/plan-und-lage\/#primaryimage"},"thumbnailUrl":"https:\/\/camping-revin.com\/wp-content\/uploads\/sites\/57\/2024\/05\/plan-camping-2022-copie-2048x1024-1-1024x512.png","datePublished":"2024-05-11T22:09:19+00:00","dateModified":"2024-05-13T16:47:05+00:00","breadcrumb":{"@id":"https:\/\/camping-revin.com\/de\/plan-und-lage\/#breadcrumb"},"inLanguage":"de","potentialAction":[{"@type":"ReadAction","target":["https:\/\/camping-revin.com\/de\/plan-und-lage\/"]}]},{"@type":"ImageObject","inLanguage":"de","@id":"https:\/\/camping-revin.com\/de\/plan-und-lage\/#primaryimage","url":"https:\/\/camping-revin.com\/wp-content\/uploads\/sites\/57\/2024\/05\/plan-camping-2022-copie-2048x1024-1-1024x512.png","contentUrl":"https:\/\/camping-revin.com\/wp-content\/uploads\/sites\/57\/2024\/05\/plan-camping-2022-copie-2048x1024-1-1024x512.png"},{"@type":"BreadcrumbList","@id":"https:\/\/camping-revin.com\/de\/plan-und-lage\/#breadcrumb","itemListElement":[{"@type":"ListItem","position":1,"name":"Accueil","item":"https:\/\/camping-revin.com\/de\/"},{"@type":"ListItem","position":2,"name":"Plan und Lage"}]},{"@type":"WebSite","@id":"https:\/\/camping-revin.com\/de\/#website","url":"https:\/\/camping-revin.com\/de\/","name":"Camping de Revin","description":"","publisher":{"@id":"https:\/\/camping-revin.com\/de\/#organization"},"potentialAction":[{"@type":"SearchAction","target":{"@type":"EntryPoint","urlTemplate":"https:\/\/camping-revin.com\/de\/?s={search_term_string}"},"query-input":{"@type":"PropertyValueSpecification","valueRequired":true,"valueName":"search_term_string"}}],"inLanguage":"de"},{"@type":"Organization","@id":"https:\/\/camping-revin.com\/de\/#organization","name":"Camping les bateaux","url":"https:\/\/camping-revin.com\/de\/","logo":{"@type":"ImageObject","inLanguage":"de","@id":"https:\/\/camping-revin.com\/de\/#\/schema\/logo\/image\/","url":"https:\/\/camping-revin.com\/wp-content\/uploads\/sites\/57\/2024\/05\/logo-ostara-blanc.png","contentUrl":"https:\/\/camping-revin.com\/wp-content\/uploads\/sites\/57\/2024\/05\/logo-ostara-blanc.png","width":1181,"height":1181,"caption":"Camping les bateaux"},"image":{"@id":"https:\/\/camping-revin.com\/de\/#\/schema\/logo\/image\/"}}]}},"_links":{"self":[{"href":"https:\/\/camping-revin.com\/de\/wp-json\/wp\/v2\/pages\/444","targetHints":{"allow":["GET"]}}],"collection":[{"href":"https:\/\/camping-revin.com\/de\/wp-json\/wp\/v2\/pages"}],"about":[{"href":"https:\/\/camping-revin.com\/de\/wp-json\/wp\/v2\/types\/page"}],"author":[{"embeddable":true,"href":"https:\/\/camping-revin.com\/de\/wp-json\/wp\/v2\/users\/1"}],"replies":[{"embeddable":true,"href":"https:\/\/camping-revin.com\/de\/wp-json\/wp\/v2\/comments?post=444"}],"version-history":[{"count":2,"href":"https:\/\/camping-revin.com\/de\/wp-json\/wp\/v2\/pages\/444\/revisions"}],"predecessor-version":[{"id":708,"href":"https:\/\/camping-revin.com\/de\/wp-json\/wp\/v2\/pages\/444\/revisions\/708"}],"wp:attachment":[{"href":"https:\/\/camping-revin.com\/de\/wp-json\/wp\/v2\/media?parent=444"}],"curies":[{"name":"wp","href":"https:\/\/api.w.org\/{rel}","templated":true}]}}